{"id":1286,"date":"2022-04-12T18:21:46","date_gmt":"2022-04-12T22:21:46","guid":{"rendered":"https:\/\/alexmagalhaes.adv.br\/index.php\/contato-copy\/"},"modified":"2022-04-12T18:25:06","modified_gmt":"2022-04-12T22:25:06","slug":"quem-somos","status":"publish","type":"page","link":"https:\/\/alexmagalhaes.adv.br\/index.php\/quem-somos\/","title":{"rendered":"Quem Somos"},"content":{"rendered":"\t\t<div data-elementor-type=\"wp-page\" data-elementor-id=\"1286\" class=\"elementor elementor-1286\">\n\t\t\t\t\t\t<div class=\"elementor-inner\">\n\t\t\t\t<div class=\"elementor-section-wrap\">\n\t\t\t\t\t\t\t\t\t<section class=\"elementor-section elementor-top-section elementor-element elementor-element-81fc17c elementor-section-boxed elementor-section-height-default elementor-section-height-default\" data-id=\"81fc17c\" data-element_type=\"section\" data-settings=\"{&quot;background_background&quot;:&quot;classic&quot;}\">\n\t\t\t\t\t\t\t<div class=\"elementor-background-overlay\"><\/div>\n\t\t\t\t\t\t\t<div class=\"elementor-container elementor-column-gap-default\">\n\t\t\t\t\t\t\t<div class=\"elementor-row\">\n\t\t\t\t\t<div class=\"elementor-column elementor-col-100 elementor-top-column elementor-element elementor-element-bae8e5f\" data-id=\"bae8e5f\" data-element_type=\"column\">\n\t\t\t<div class=\"elementor-column-wrap elementor-element-populated\">\n\t\t\t\t\t\t\t<div class=\"elementor-widget-wrap\">\n\t\t\t\t\t\t<div class=\"elementor-element elementor-element-d2fa1fd elementor-widget elementor-widget-heading\" data-id=\"d2fa1fd\" data-element_type=\"widget\" data-widget_type=\"heading.default\">\n\t\t\t\t<div class=\"elementor-widget-container\">\n\t\t\t<style>\/*! elementor - v3.15.0 - 20-08-2023 *\/\n.elementor-heading-title{padding:0;margin:0;line-height:1}.elementor-widget-heading .elementor-heading-title[class*=elementor-size-]>a{color:inherit;font-size:inherit;line-height:inherit}.elementor-widget-heading .elementor-heading-title.elementor-size-small{font-size:15px}.elementor-widget-heading .elementor-heading-title.elementor-size-medium{font-size:19px}.elementor-widget-heading .elementor-heading-title.elementor-size-large{font-size:29px}.elementor-widget-heading .elementor-heading-title.elementor-size-xl{font-size:39px}.elementor-widget-heading .elementor-heading-title.elementor-size-xxl{font-size:59px}<\/style><h1 class=\"elementor-heading-title elementor-size-default\">Quem somos<\/h1>\t\t<\/div>\n\t\t\t\t<\/div>\n\t\t\t\t\t\t<\/div>\n\t\t\t\t\t<\/div>\n\t\t<\/div>\n\t\t\t\t\t\t\t\t<\/div>\n\t\t\t\t\t<\/div>\n\t\t<\/section>\n\t\t\t\t<section class=\"elementor-section elementor-top-section elementor-element elementor-element-ee576ca elementor-section-boxed elementor-section-height-default elementor-section-height-default\" data-id=\"ee576ca\" data-element_type=\"section\">\n\t\t\t\t\t\t<div class=\"elementor-container elementor-column-gap-wider\">\n\t\t\t\t\t\t\t<div class=\"elementor-row\">\n\t\t\t\t\t<div class=\"elementor-column elementor-col-100 elementor-top-column elementor-element elementor-element-e17b914\" data-id=\"e17b914\" data-element_type=\"column\">\n\t\t\t<div class=\"elementor-column-wrap elementor-element-populated\">\n\t\t\t\t\t\t\t<div class=\"elementor-widget-wrap\">\n\t\t\t\t\t\t<div class=\"elementor-element elementor-element-7e066d2 elementor-widget elementor-widget-heading\" data-id=\"7e066d2\" data-element_type=\"widget\" data-widget_type=\"heading.default\">\n\t\t\t\t<div class=\"elementor-widget-container\">\n\t\t\t<h2 class=\"elementor-heading-title elementor-size-default\">Quem somos<\/h2>\t\t<\/div>\n\t\t\t\t<\/div>\n\t\t\t\t<div class=\"elementor-element elementor-element-a31a24d elementor-widget elementor-widget-text-editor\" data-id=\"a31a24d\" data-element_type=\"widget\" data-widget_type=\"text-editor.default\">\n\t\t\t\t<div class=\"elementor-widget-container\">\n\t\t\t<style>\/*! elementor - v3.15.0 - 20-08-2023 *\/\n.elementor-widget-text-editor.elementor-drop-cap-view-stacked .elementor-drop-cap{background-color:#69727d;color:#fff}.elementor-widget-text-editor.elementor-drop-cap-view-framed .elementor-drop-cap{color:#69727d;border:3px solid;background-color:transparent}.elementor-widget-text-editor:not(.elementor-drop-cap-view-default) .elementor-drop-cap{margin-top:8px}.elementor-widget-text-editor:not(.elementor-drop-cap-view-default) .elementor-drop-cap-letter{width:1em;height:1em}.elementor-widget-text-editor .elementor-drop-cap{float:left;text-align:center;line-height:1;font-size:50px}.elementor-widget-text-editor .elementor-drop-cap-letter{display:inline-block}<\/style>\t\t\t\t\t<div class=\"elementor-text-editor elementor-clearfix\">\n\t\t\t\t<p style=\"font-weight: 400;\"><b><strong>Alex Magalh\u00e3es Advocacia<\/strong><\/b> \u00e9 representado por seu s\u00f3cio diretor, Dr. Alex Alves Magalh\u00e3es, bacharel em direito desde 2008, o qual construiu, ao longo desses anos, uma hist\u00f3ria de solidez, credibilidade e excel\u00eancia na presta\u00e7\u00e3o de servi\u00e7os. <br \/><br \/>\u00c9tica, Qualidade e Respeito s\u00e3o os valores inerentes \u00e0 atua\u00e7\u00e3o do Escrit\u00f3rio.<\/p><p style=\"font-weight: 400;\">Buscamos a inova\u00e7\u00e3o para que, acima de tudo, possamos criar la\u00e7os de credibilidade e confian\u00e7a, com procedimentos internos para garantir que regras de boas pr\u00e1ticas negociais e governan\u00e7a corporativa que norteiem o padr\u00e3o de conduta de seus s\u00f3cios, advogados e colaboradores.<\/p><p style=\"font-weight: 400;\">Alex Magalh\u00e3es Advocacia se diferencia por entender que, para cada lit\u00edgio, a solu\u00e7\u00e3o jur\u00eddica aplicada deve ser diferenciada, adequando-se \u00e0s necessidades de seus clientes e, acima de tudo, apresentando solu\u00e7\u00f5es em diversas \u00e1reas do Direito (<i><em>full service<\/em><\/i>), percorrendo com compet\u00eancia cada uma dessas pr\u00e1ticas, atuando na consultoria e assessoria jur\u00eddica, tribut\u00e1ria, na prepara\u00e7\u00e3o de contratos, na elabora\u00e7\u00e3o de pareceres e an\u00e1lises legais preventivas, bem como na esfera do contencioso judicial e administrativo.<\/p>\t\t\t\t\t<\/div>\n\t\t\t\t\t\t<\/div>\n\t\t\t\t<\/div>\n\t\t\t\t\t\t<\/div>\n\t\t\t\t\t<\/div>\n\t\t<\/div>\n\t\t\t\t\t\t\t\t<\/div>\n\t\t\t\t\t<\/div>\n\t\t<\/section>\n\t\t\t\t\t\t\t\t\t<\/div>\n\t\t\t<\/div>\n\t\t\t\t\t<\/div>\n\t\t","protected":false},"excerpt":{"rendered":"<p>Quem somos Quem somos Alex Magalh\u00e3es Advocacia \u00e9 representado por seu s\u00f3cio diretor, Dr. Alex Alves Magalh\u00e3es, bacharel em direito desde 2008, o qual construiu, ao longo desses anos, uma hist\u00f3ria de solidez, credibilidade e excel\u00eancia na presta\u00e7\u00e3o de servi\u00e7os. \u00c9tica, Qualidade e Respeito s\u00e3o os valores inerentes \u00e0 atua\u00e7\u00e3o do Escrit\u00f3rio. Buscamos a inova\u00e7\u00e3o [&hellip;]<\/p>\n","protected":false},"author":2,"featured_media":0,"parent":0,"menu_order":0,"comment_status":"closed","ping_status":"closed","template":"elementor_header_footer","meta":{"_monsterinsights_skip_tracking":false,"_monsterinsights_sitenote_active":false,"_monsterinsights_sitenote_note":"","_monsterinsights_sitenote_category":0,"footnotes":""},"class_list":["post-1286","page","type-page","status-publish","hentry"],"aioseo_notices":[],"_links":{"self":[{"href":"https:\/\/alexmagalhaes.adv.br\/index.php\/wp-json\/wp\/v2\/pages\/1286","targetHints":{"allow":["GET"]}}],"collection":[{"href":"https:\/\/alexmagalhaes.adv.br\/index.php\/wp-json\/wp\/v2\/pages"}],"about":[{"href":"https:\/\/alexmagalhaes.adv.br\/index.php\/wp-json\/wp\/v2\/types\/page"}],"author":[{"embeddable":true,"href":"https:\/\/alexmagalhaes.adv.br\/index.php\/wp-json\/wp\/v2\/users\/2"}],"replies":[{"embeddable":true,"href":"https:\/\/alexmagalhaes.adv.br\/index.php\/wp-json\/wp\/v2\/comments?post=1286"}],"version-history":[{"count":4,"href":"https:\/\/alexmagalhaes.adv.br\/index.php\/wp-json\/wp\/v2\/pages\/1286\/revisions"}],"predecessor-version":[{"id":1290,"href":"https:\/\/alexmagalhaes.adv.br\/index.php\/wp-json\/wp\/v2\/pages\/1286\/revisions\/1290"}],"wp:attachment":[{"href":"https:\/\/alexmagalhaes.adv.br\/index.php\/wp-json\/wp\/v2\/media?parent=1286"}],"curies":[{"name":"wp","href":"https:\/\/api.w.org\/{rel}","templated":true}]}}