{"id":1291,"date":"2022-04-12T18:25:25","date_gmt":"2022-04-12T22:25:25","guid":{"rendered":"https:\/\/alexmagalhaes.adv.br\/index.php\/quem-somos-copy\/"},"modified":"2022-04-12T18:32:54","modified_gmt":"2022-04-12T22:32:54","slug":"direito-empresarial","status":"publish","type":"page","link":"https:\/\/alexmagalhaes.adv.br\/index.php\/direito-empresarial\/","title":{"rendered":"Direito Empresarial"},"content":{"rendered":"\t\t<div data-elementor-type=\"wp-page\" data-elementor-id=\"1291\" class=\"elementor elementor-1291\">\n\t\t\t\t\t\t<div class=\"elementor-inner\">\n\t\t\t\t<div class=\"elementor-section-wrap\">\n\t\t\t\t\t\t\t\t\t<section class=\"elementor-section elementor-top-section elementor-element elementor-element-81fc17c elementor-section-boxed elementor-section-height-default elementor-section-height-default\" data-id=\"81fc17c\" data-element_type=\"section\" data-settings=\"{&quot;background_background&quot;:&quot;classic&quot;}\">\n\t\t\t\t\t\t\t<div class=\"elementor-background-overlay\"><\/div>\n\t\t\t\t\t\t\t<div class=\"elementor-container elementor-column-gap-default\">\n\t\t\t\t\t\t\t<div class=\"elementor-row\">\n\t\t\t\t\t<div class=\"elementor-column elementor-col-100 elementor-top-column elementor-element elementor-element-bae8e5f\" data-id=\"bae8e5f\" data-element_type=\"column\">\n\t\t\t<div class=\"elementor-column-wrap elementor-element-populated\">\n\t\t\t\t\t\t\t<div class=\"elementor-widget-wrap\">\n\t\t\t\t\t\t<div class=\"elementor-element elementor-element-d2fa1fd elementor-widget elementor-widget-heading\" data-id=\"d2fa1fd\" data-element_type=\"widget\" data-widget_type=\"heading.default\">\n\t\t\t\t<div class=\"elementor-widget-container\">\n\t\t\t<style>\/*! elementor - v3.15.0 - 20-08-2023 *\/\n.elementor-heading-title{padding:0;margin:0;line-height:1}.elementor-widget-heading .elementor-heading-title[class*=elementor-size-]>a{color:inherit;font-size:inherit;line-height:inherit}.elementor-widget-heading .elementor-heading-title.elementor-size-small{font-size:15px}.elementor-widget-heading .elementor-heading-title.elementor-size-medium{font-size:19px}.elementor-widget-heading .elementor-heading-title.elementor-size-large{font-size:29px}.elementor-widget-heading .elementor-heading-title.elementor-size-xl{font-size:39px}.elementor-widget-heading .elementor-heading-title.elementor-size-xxl{font-size:59px}<\/style><h1 class=\"elementor-heading-title elementor-size-default\">Direito Empresarial\n<\/h1>\t\t<\/div>\n\t\t\t\t<\/div>\n\t\t\t\t\t\t<\/div>\n\t\t\t\t\t<\/div>\n\t\t<\/div>\n\t\t\t\t\t\t\t\t<\/div>\n\t\t\t\t\t<\/div>\n\t\t<\/section>\n\t\t\t\t<section class=\"elementor-section elementor-top-section elementor-element elementor-element-ee576ca elementor-section-boxed elementor-section-height-default elementor-section-height-default\" data-id=\"ee576ca\" data-element_type=\"section\">\n\t\t\t\t\t\t<div class=\"elementor-container elementor-column-gap-wider\">\n\t\t\t\t\t\t\t<div class=\"elementor-row\">\n\t\t\t\t\t<div class=\"elementor-column elementor-col-100 elementor-top-column elementor-element elementor-element-e17b914\" data-id=\"e17b914\" data-element_type=\"column\">\n\t\t\t<div class=\"elementor-column-wrap elementor-element-populated\">\n\t\t\t\t\t\t\t<div class=\"elementor-widget-wrap\">\n\t\t\t\t\t\t<div class=\"elementor-element elementor-element-a31a24d elementor-widget elementor-widget-text-editor\" data-id=\"a31a24d\" data-element_type=\"widget\" data-widget_type=\"text-editor.default\">\n\t\t\t\t<div class=\"elementor-widget-container\">\n\t\t\t<style>\/*! elementor - v3.15.0 - 20-08-2023 *\/\n.elementor-widget-text-editor.elementor-drop-cap-view-stacked .elementor-drop-cap{background-color:#69727d;color:#fff}.elementor-widget-text-editor.elementor-drop-cap-view-framed .elementor-drop-cap{color:#69727d;border:3px solid;background-color:transparent}.elementor-widget-text-editor:not(.elementor-drop-cap-view-default) .elementor-drop-cap{margin-top:8px}.elementor-widget-text-editor:not(.elementor-drop-cap-view-default) .elementor-drop-cap-letter{width:1em;height:1em}.elementor-widget-text-editor .elementor-drop-cap{float:left;text-align:center;line-height:1;font-size:50px}.elementor-widget-text-editor .elementor-drop-cap-letter{display:inline-block}<\/style>\t\t\t\t\t<div class=\"elementor-text-editor elementor-clearfix\">\n\t\t\t\t<ul><li>Atua\u00e7\u00e3o preventiva mediante avalia\u00e7\u00e3o de riscos de decis\u00f5es empresariais na \u00e1rea c\u00edvel;<\/li><\/ul><p>\u00a0<\/p><ul><li>Atua\u00e7\u00e3o em lit\u00edgios empresariais, como dissolu\u00e7\u00e3o total ou parcial de sociedades, a\u00e7\u00e3o presta\u00e7\u00e3o de contas, a\u00e7\u00e3o de apura\u00e7\u00e3o de haveres, liquida\u00e7\u00e3o, participa\u00e7\u00e3o em assembleias, etc.;<\/li><\/ul><p>\u00a0<\/p><ul><li>Atua\u00e7\u00e3o em fal\u00eancias e recupera\u00e7\u00f5es judiciais;<\/li><\/ul><p>\u00a0<\/p><ul><li>Elabora\u00e7\u00e3o, atualiza\u00e7\u00e3o e exames de contratos e regulamentos, tais como: Aliena\u00e7\u00e3o Fiduci\u00e1ria, Leasing e Financiamento, empr\u00e9stimos, liquida\u00e7\u00e3o e confiss\u00e3o de d\u00edvida, Compra, venda e loca\u00e7\u00e3o, Representa\u00e7\u00e3o comercial e media\u00e7\u00e3o;<\/li><\/ul><p>\u00a0<\/p><ul><li>Completo servi\u00e7o de consultoria e assessoria para empresas e s\u00f3cios, na intermedia\u00e7\u00e3o de neg\u00f3cios, loca\u00e7\u00f5es, compra e venda de bens, m\u00f3veis ou im\u00f3veis, bem como eventuais conflitos no \u00e2mbito judicial e extrajudicial;<\/li><\/ul><p>\u00a0<\/p><ul><li>Constitui\u00e7\u00e3o e dissolu\u00e7\u00e3o de sociedades comerciais;<\/li><\/ul><p>\u00a0<\/p><ul><li>Procedimentos administrativos em Juntas Comerciais, tais como arquivamentos, altera\u00e7\u00f5es, obten\u00e7\u00e3o de matr\u00edculas, cadastros e autentica\u00e7\u00f5es;<\/li><\/ul><p>\u00a0<\/p><ul><li>Elabora\u00e7\u00e3o, interpreta\u00e7\u00e3o e an\u00e1lise de contratos societ\u00e1rios e comerciais em geral, como representa\u00e7\u00e3o comercial, franquias, licenciamentos e distribui\u00e7\u00e3o, al\u00e9m de correspond\u00eancias de qualquer natureza, notifica\u00e7\u00f5es e contranotifica\u00e7\u00f5es, com objetivo de evitar demandas judiciais;<\/li><\/ul><p>\u00a0<\/p><ul><li>Cobran\u00e7a de d\u00edvidas em todo territ\u00f3rio nacional, judicial e extrajudicialmente;<\/li><\/ul><p>\u00a0<\/p><ul><li>Todo contencioso judicial envolvendo t\u00edtulos de cr\u00e9dito, desde a peti\u00e7\u00e3o inicial ou defesa at\u00e9 os recursos cab\u00edveis;<\/li><\/ul><p>\u00a0<\/p><ul><li>Pedidos de fal\u00eancia de empresas devedoras e habilita\u00e7\u00f5es de cr\u00e9dito em fal\u00eancia.<\/li><\/ul>\t\t\t\t\t<\/div>\n\t\t\t\t\t\t<\/div>\n\t\t\t\t<\/div>\n\t\t\t\t\t\t<\/div>\n\t\t\t\t\t<\/div>\n\t\t<\/div>\n\t\t\t\t\t\t\t\t<\/div>\n\t\t\t\t\t<\/div>\n\t\t<\/section>\n\t\t\t\t\t\t\t\t\t<\/div>\n\t\t\t<\/div>\n\t\t\t\t\t<\/div>\n\t\t","protected":false},"excerpt":{"rendered":"<p>Direito Empresarial Atua\u00e7\u00e3o preventiva mediante avalia\u00e7\u00e3o de riscos de decis\u00f5es empresariais na \u00e1rea c\u00edvel; \u00a0 Atua\u00e7\u00e3o em lit\u00edgios empresariais, como dissolu\u00e7\u00e3o total ou parcial de sociedades, a\u00e7\u00e3o presta\u00e7\u00e3o de contas, a\u00e7\u00e3o de apura\u00e7\u00e3o de haveres, liquida\u00e7\u00e3o, participa\u00e7\u00e3o em assembleias, etc.; \u00a0 Atua\u00e7\u00e3o em fal\u00eancias e recupera\u00e7\u00f5es judiciais; \u00a0 Elabora\u00e7\u00e3o, atualiza\u00e7\u00e3o e exames de contratos e [&hellip;]<\/p>\n","protected":false},"author":2,"featured_media":0,"parent":0,"menu_order":0,"comment_status":"closed","ping_status":"closed","template":"elementor_header_footer","meta":{"_monsterinsights_skip_tracking":false,"_monsterinsights_sitenote_active":false,"_monsterinsights_sitenote_note":"","_monsterinsights_sitenote_category":0,"footnotes":""},"class_list":["post-1291","page","type-page","status-publish","hentry"],"aioseo_notices":[],"_links":{"self":[{"href":"https:\/\/alexmagalhaes.adv.br\/index.php\/wp-json\/wp\/v2\/pages\/1291","targetHints":{"allow":["GET"]}}],"collection":[{"href":"https:\/\/alexmagalhaes.adv.br\/index.php\/wp-json\/wp\/v2\/pages"}],"about":[{"href":"https:\/\/alexmagalhaes.adv.br\/index.php\/wp-json\/wp\/v2\/types\/page"}],"author":[{"embeddable":true,"href":"https:\/\/alexmagalhaes.adv.br\/index.php\/wp-json\/wp\/v2\/users\/2"}],"replies":[{"embeddable":true,"href":"https:\/\/alexmagalhaes.adv.br\/index.php\/wp-json\/wp\/v2\/comments?post=1291"}],"version-history":[{"count":7,"href":"https:\/\/alexmagalhaes.adv.br\/index.php\/wp-json\/wp\/v2\/pages\/1291\/revisions"}],"predecessor-version":[{"id":1309,"href":"https:\/\/alexmagalhaes.adv.br\/index.php\/wp-json\/wp\/v2\/pages\/1291\/revisions\/1309"}],"wp:attachment":[{"href":"https:\/\/alexmagalhaes.adv.br\/index.php\/wp-json\/wp\/v2\/media?parent=1291"}],"curies":[{"name":"wp","href":"https:\/\/api.w.org\/{rel}","templated":true}]}}