{"id":1302,"date":"2022-04-12T18:28:25","date_gmt":"2022-04-12T22:28:25","guid":{"rendered":"https:\/\/alexmagalhaes.adv.br\/index.php\/quem-somos-copy-copy-copy-copy-copy-copy-copy-copy\/"},"modified":"2022-04-12T18:46:24","modified_gmt":"2022-04-12T22:46:24","slug":"direito-do-consumidor","status":"publish","type":"page","link":"https:\/\/alexmagalhaes.adv.br\/index.php\/direito-do-consumidor\/","title":{"rendered":"Direito do Consumidor"},"content":{"rendered":"\t\t<div data-elementor-type=\"wp-page\" data-elementor-id=\"1302\" class=\"elementor elementor-1302\">\n\t\t\t\t\t\t<div class=\"elementor-inner\">\n\t\t\t\t<div class=\"elementor-section-wrap\">\n\t\t\t\t\t\t\t\t\t<section class=\"elementor-section elementor-top-section elementor-element elementor-element-81fc17c elementor-section-boxed elementor-section-height-default elementor-section-height-default\" data-id=\"81fc17c\" data-element_type=\"section\" data-settings=\"{&quot;background_background&quot;:&quot;classic&quot;}\">\n\t\t\t\t\t\t\t<div class=\"elementor-background-overlay\"><\/div>\n\t\t\t\t\t\t\t<div class=\"elementor-container elementor-column-gap-default\">\n\t\t\t\t\t\t\t<div class=\"elementor-row\">\n\t\t\t\t\t<div class=\"elementor-column elementor-col-100 elementor-top-column elementor-element elementor-element-bae8e5f\" data-id=\"bae8e5f\" data-element_type=\"column\">\n\t\t\t<div class=\"elementor-column-wrap elementor-element-populated\">\n\t\t\t\t\t\t\t<div class=\"elementor-widget-wrap\">\n\t\t\t\t\t\t<div class=\"elementor-element elementor-element-d2fa1fd elementor-widget elementor-widget-heading\" data-id=\"d2fa1fd\" data-element_type=\"widget\" data-widget_type=\"heading.default\">\n\t\t\t\t<div class=\"elementor-widget-container\">\n\t\t\t<style>\/*! elementor - v3.15.0 - 20-08-2023 *\/\n.elementor-heading-title{padding:0;margin:0;line-height:1}.elementor-widget-heading .elementor-heading-title[class*=elementor-size-]>a{color:inherit;font-size:inherit;line-height:inherit}.elementor-widget-heading .elementor-heading-title.elementor-size-small{font-size:15px}.elementor-widget-heading .elementor-heading-title.elementor-size-medium{font-size:19px}.elementor-widget-heading .elementor-heading-title.elementor-size-large{font-size:29px}.elementor-widget-heading .elementor-heading-title.elementor-size-xl{font-size:39px}.elementor-widget-heading .elementor-heading-title.elementor-size-xxl{font-size:59px}<\/style><h1 class=\"elementor-heading-title elementor-size-default\">Direito do Consumidor<\/h1>\t\t<\/div>\n\t\t\t\t<\/div>\n\t\t\t\t\t\t<\/div>\n\t\t\t\t\t<\/div>\n\t\t<\/div>\n\t\t\t\t\t\t\t\t<\/div>\n\t\t\t\t\t<\/div>\n\t\t<\/section>\n\t\t\t\t<section class=\"elementor-section elementor-top-section elementor-element elementor-element-ee576ca elementor-section-boxed elementor-section-height-default elementor-section-height-default\" data-id=\"ee576ca\" data-element_type=\"section\">\n\t\t\t\t\t\t<div class=\"elementor-container elementor-column-gap-wider\">\n\t\t\t\t\t\t\t<div class=\"elementor-row\">\n\t\t\t\t\t<div class=\"elementor-column elementor-col-100 elementor-top-column elementor-element elementor-element-e17b914\" data-id=\"e17b914\" data-element_type=\"column\">\n\t\t\t<div class=\"elementor-column-wrap elementor-element-populated\">\n\t\t\t\t\t\t\t<div class=\"elementor-widget-wrap\">\n\t\t\t\t\t\t<div class=\"elementor-element elementor-element-a31a24d elementor-widget elementor-widget-text-editor\" data-id=\"a31a24d\" data-element_type=\"widget\" data-widget_type=\"text-editor.default\">\n\t\t\t\t<div class=\"elementor-widget-container\">\n\t\t\t<style>\/*! elementor - v3.15.0 - 20-08-2023 *\/\n.elementor-widget-text-editor.elementor-drop-cap-view-stacked .elementor-drop-cap{background-color:#69727d;color:#fff}.elementor-widget-text-editor.elementor-drop-cap-view-framed .elementor-drop-cap{color:#69727d;border:3px solid;background-color:transparent}.elementor-widget-text-editor:not(.elementor-drop-cap-view-default) .elementor-drop-cap{margin-top:8px}.elementor-widget-text-editor:not(.elementor-drop-cap-view-default) .elementor-drop-cap-letter{width:1em;height:1em}.elementor-widget-text-editor .elementor-drop-cap{float:left;text-align:center;line-height:1;font-size:50px}.elementor-widget-text-editor .elementor-drop-cap-letter{display:inline-block}<\/style>\t\t\t\t\t<div class=\"elementor-text-editor elementor-clearfix\">\n\t\t\t\t<ul><li>Assessoria em negocia\u00e7\u00f5es e na elabora\u00e7\u00e3o de contratos de bens e servi\u00e7os destinados ao consumo, visando sua adequa\u00e7\u00e3o ao C\u00f3digo de Defesa do Consumidor;<\/li><\/ul><p>\u00a0<\/p><ul><li>Atua\u00e7\u00e3o em causas de indeniza\u00e7\u00e3o por atraso a\u00e9reo;<\/li><\/ul><p>\u00a0<\/p><ul><li>Questionamento judicial de contratos de plano de sa\u00fade;<\/li><\/ul><p>\u00a0<\/p><ul><li>Atua\u00e7\u00e3o na esfera litigiosa em ajuizamento de a\u00e7\u00f5es, elabora\u00e7\u00f5es de defesas e recursos, acompanhamento de processos administrativos e judiciais que envolvam reclama\u00e7\u00e3o e pedido de indeniza\u00e7\u00e3o de consumidores.<\/li><\/ul>\t\t\t\t\t<\/div>\n\t\t\t\t\t\t<\/div>\n\t\t\t\t<\/div>\n\t\t\t\t\t\t<\/div>\n\t\t\t\t\t<\/div>\n\t\t<\/div>\n\t\t\t\t\t\t\t\t<\/div>\n\t\t\t\t\t<\/div>\n\t\t<\/section>\n\t\t\t\t\t\t\t\t\t<\/div>\n\t\t\t<\/div>\n\t\t\t\t\t<\/div>\n\t\t","protected":false},"excerpt":{"rendered":"<p>Direito do Consumidor Assessoria em negocia\u00e7\u00f5es e na elabora\u00e7\u00e3o de contratos de bens e servi\u00e7os destinados ao consumo, visando sua adequa\u00e7\u00e3o ao C\u00f3digo de Defesa do Consumidor; \u00a0 Atua\u00e7\u00e3o em causas de indeniza\u00e7\u00e3o por atraso a\u00e9reo; \u00a0 Questionamento judicial de contratos de plano de sa\u00fade; \u00a0 Atua\u00e7\u00e3o na esfera litigiosa em ajuizamento de a\u00e7\u00f5es, elabora\u00e7\u00f5es [&hellip;]<\/p>\n","protected":false},"author":2,"featured_media":0,"parent":0,"menu_order":0,"comment_status":"closed","ping_status":"closed","template":"elementor_header_footer","meta":{"_monsterinsights_skip_tracking":false,"_monsterinsights_sitenote_active":false,"_monsterinsights_sitenote_note":"","_monsterinsights_sitenote_category":0,"footnotes":""},"class_list":["post-1302","page","type-page","status-publish","hentry"],"aioseo_notices":[],"_links":{"self":[{"href":"https:\/\/alexmagalhaes.adv.br\/index.php\/wp-json\/wp\/v2\/pages\/1302","targetHints":{"allow":["GET"]}}],"collection":[{"href":"https:\/\/alexmagalhaes.adv.br\/index.php\/wp-json\/wp\/v2\/pages"}],"about":[{"href":"https:\/\/alexmagalhaes.adv.br\/index.php\/wp-json\/wp\/v2\/types\/page"}],"author":[{"embeddable":true,"href":"https:\/\/alexmagalhaes.adv.br\/index.php\/wp-json\/wp\/v2\/users\/2"}],"replies":[{"embeddable":true,"href":"https:\/\/alexmagalhaes.adv.br\/index.php\/wp-json\/wp\/v2\/comments?post=1302"}],"version-history":[{"count":4,"href":"https:\/\/alexmagalhaes.adv.br\/index.php\/wp-json\/wp\/v2\/pages\/1302\/revisions"}],"predecessor-version":[{"id":1346,"href":"https:\/\/alexmagalhaes.adv.br\/index.php\/wp-json\/wp\/v2\/pages\/1302\/revisions\/1346"}],"wp:attachment":[{"href":"https:\/\/alexmagalhaes.adv.br\/index.php\/wp-json\/wp\/v2\/media?parent=1302"}],"curies":[{"name":"wp","href":"https:\/\/api.w.org\/{rel}","templated":true}]}}